{"id":3327022,"date":"2025-08-14T13:47:44","date_gmt":"2025-08-14T11:47:44","guid":{"rendered":"https:\/\/totalforsvarsmassan.se\/newsletters\/"},"modified":"2026-02-12T14:32:20","modified_gmt":"2026-02-12T13:32:20","slug":"newsletters","status":"publish","type":"page","link":"https:\/\/totalforsvarsmassan.se\/en\/newsletters\/","title":{"rendered":"Newsletter"},"content":{"rendered":"<p>[et_pb_section fb_built=&#8221;1&#8243; admin_label=&#8221;Newsletter signup&#8221; module_id=&#8221;sf_form_salesforce_w2l_lead_3&#8243; _builder_version=&#8221;4.27.4&#8243; _module_preset=&#8221;6af5518f-838a-41fb-8d9d-f1bbf456144d&#8221; background_color=&#8221;#FFFFFF&#8221; custom_padding=&#8221;50px||50px||true|false&#8221; locked=&#8221;off&#8221; global_colors_info=&#8221;{}&#8221;][et_pb_row column_structure=&#8221;1_2,1_2&#8243; custom_padding_last_edited=&#8221;on|tablet&#8221; module_id=&#8221;news-latter&#8221; _builder_version=&#8221;4.27.4&#8243; _module_preset=&#8221;267db50a-8b99-4c51-9195-cfbf7af804fd&#8221; custom_margin=&#8221;0px||||false|false&#8221; custom_padding=&#8221;80px|120px|80px|120px|true|true&#8221; custom_padding_tablet=&#8221;&#8221; custom_padding_phone=&#8221;&#8221; border_color_all=&#8221;RGBA(255,255,255,0)&#8221; locked=&#8221;off&#8221; global_colors_info=&#8221;{%22gcid-itt2ew6k-ntsw-wpy7-dh31-g6liie8dtzxc%22:%91%22border_color_all%22%93,%22gcid-pakb8aht-i5iv-ywfh-tbey-rejtmt2hf9pe%22:%91%22background_color%22%93}&#8221;][et_pb_column type=&#8221;1_2&#8243; _builder_version=&#8221;4.24.0&#8243; _module_preset=&#8221;default&#8221; global_colors_info=&#8221;{}&#8221;][et_pb_text _builder_version=&#8221;4.27.5&#8243; _module_preset=&#8221;17fba859-38e3-437b-ae2a-f2d4fc5a73a1&#8243; hover_enabled=&#8221;0&#8243; global_colors_info=&#8221;{}&#8221; sticky_enabled=&#8221;0&#8243;]<\/p>\n<h1>Don\u2019t miss any news!<\/h1>\n<p>[\/et_pb_text][et_pb_divider _builder_version=&#8221;4.27.4&#8243; _module_preset=&#8221;58f98e27-1e5d-4dd1-b41e-2feab7388bd9&#8243; global_colors_info=&#8221;{}&#8221;][\/et_pb_divider][et_pb_text _builder_version=&#8221;4.27.5&#8243; _module_preset=&#8221;221cbb6f-b0e8-4fb5-ab55-31b81fdf6861&#8243; hover_enabled=&#8221;0&#8243; global_colors_info=&#8221;{}&#8221; sticky_enabled=&#8221;0&#8243;]<\/p>\n<p>Stay up to date with the latest news, activities and ticket releases.<\/p>\n<p>[\/et_pb_text][\/et_pb_column][et_pb_column type=&#8221;1_2&#8243; _builder_version=&#8221;4.24.0&#8243; _module_preset=&#8221;default&#8221; global_colors_info=&#8221;{}&#8221;][wpforms_selector form_id=&#8221;3326305&#8243; module_class=&#8221;nyhetsbrev-transp&#8221; _builder_version=&#8221;4.27.4&#8243; _module_preset=&#8221;default&#8221; global_colors_info=&#8221;{}&#8221;][\/wpforms_selector][\/et_pb_column][\/et_pb_row][\/et_pb_section]<\/p>\n","protected":false},"excerpt":{"rendered":"<p>Don\u2019t miss any news!Stay up to date with the latest news, activities and ticket releases.<div class=\"et_pb_module wpforms_selector wpforms_selector_0 nyhetsbrev-transp\">\n\t\t\t\t\n\t\t\t\t\n\t\t\t\t\n\t\t\t\t\n\t\t\t\t\n\t\t\t\t\n\t\t\t\t<div class=\"et_pb_module_inner\">\n\t\t\t\t\t<style id=\"wpforms-css-vars-3326305\">\n\t\t\t\t#wpforms-3326305 {\n\t\t\t\t--wpforms-field-size-input-height: 43px;\n--wpforms-field-size-input-spacing: 15px;\n--wpforms-field-size-font-size: 16px;\n--wpforms-field-size-line-height: 19px;\n--wpforms-field-size-padding-h: 14px;\n--wpforms-field-size-checkbox-size: 16px;\n--wpforms-field-size-sublabel-spacing: 5px;\n--wpforms-field-size-icon-size: 1;\n--wpforms-label-size-font-size: 16px;\n--wpforms-label-size-line-height: 19px;\n--wpforms-label-size-sublabel-font-size: 14px;\n--wpforms-label-size-sublabel-line-height: 17px;\n--wpforms-button-size-font-size: 17px;\n--wpforms-button-size-height: 41px;\n--wpforms-button-size-padding-h: 15px;\n--wpforms-button-size-margin-top: 10px;\n--wpforms-container-shadow-size-box-shadow: none;\n\t\t\t}\n\t\t\t<\/style><div class=\"wpforms-container wpforms-container-full wpforms-render-modern\" id=\"wpforms-3326305\"><form id=\"wpforms-form-3326305\" class=\"wpforms-validate wpforms-form wpforms-ajax-form\" data-formid=\"3326305\" method=\"post\" enctype=\"multipart\/form-data\" action=\"\/en\/wp-json\/wp\/v2\/pages\/3327022\" data-token=\"95501ca3d32cb262086a17729b1d0a2e\" data-token-time=\"1776295231\"><noscript class=\"wpforms-error-noscript\">Please enable JavaScript in your browser to complete this form.<\/noscript><div id=\"wpforms-error-noscript\" style=\"display: none;\">Please enable JavaScript in your browser to complete this form.<\/div><div class=\"wpforms-field-container\"><div id=\"wpforms-3326305-field_10-container\" class=\"wpforms-field wpforms-field-layout\" data-field-id=\"10\"><div class=\"wpforms-field-layout-rows wpforms-field-large\"><div class=\"wpforms-layout-row\"><div class=\"wpforms-layout-column wpforms-layout-column-50\"><div id=\"wpforms-3326305-field_33-container\" class=\"wpforms-field wpforms-field-text\" data-field-id=\"33\"><label class=\"wpforms-field-label\" for=\"wpforms-3326305-field_33\">F\u00f6rnamn <span class=\"wpforms-required-label\" aria-hidden=\"true\">*<\/span><\/label><input type=\"text\" id=\"wpforms-3326305-field_33\" class=\"wpforms-field-medium wpforms-field-required\" name=\"wpforms[fields][33]\" aria-errormessage=\"wpforms-3326305-field_33-error\" required><\/div><\/div><div class=\"wpforms-layout-column wpforms-layout-column-50\"><div id=\"wpforms-3326305-field_34-container\" class=\"wpforms-field wpforms-field-text\" data-field-id=\"34\"><label class=\"wpforms-field-label\" for=\"wpforms-3326305-field_34\">Efternamn <span class=\"wpforms-required-label\" aria-hidden=\"true\">*<\/span><\/label><input type=\"text\" id=\"wpforms-3326305-field_34\" class=\"wpforms-field-medium wpforms-field-required\" name=\"wpforms[fields][34]\" aria-errormessage=\"wpforms-3326305-field_34-error\" required><\/div><\/div><\/div><\/div><\/div><div id=\"wpforms-3326305-field_32-container\" class=\"wpforms-field wpforms-field-email\" data-field-id=\"32\"><label class=\"wpforms-field-label\" for=\"wpforms-3326305-field_32\">Mejl <span class=\"wpforms-required-label\" aria-hidden=\"true\">*<\/span><\/label><input type=\"email\" id=\"wpforms-3326305-field_32\" class=\"wpforms-field-medium wpforms-field-required\" name=\"wpforms[fields][32]\" placeholder=\"name@email.com\" spellcheck=\"false\" aria-errormessage=\"wpforms-3326305-field_32-error\" required><\/div><div id=\"wpforms-3326305-field_30-container\" class=\"wpforms-field wpforms-field-gdpr-checkbox\" data-field-id=\"30\"><label class=\"wpforms-field-label\">Hantering av personuppgifter <span class=\"wpforms-required-label\" aria-hidden=\"true\">*<\/span><\/label><div id=\"wpforms-3326305-field_30-description\" class=\"wpforms-field-description\">N\u00e4r du prenumererar p\u00e5 det h\u00e4r nyhetsbrevet inneb\u00e4r det att Stockholmsm\u00e4ssan kommer att behandla dina personuppgifter. Information om detta hittar du i v\u00e5r <a href=\"https:\/\/stockholmsmassan.se\/dataskydd\/dataskyddspolicy\" target=\"_blank\">dataskyddspolicy<\/a><\/div><ul id=\"wpforms-3326305-field_30\" class=\"wpforms-field-required\"><li class=\"choice-1\"><input type=\"checkbox\" id=\"wpforms-3326305-field_30_1\" name=\"wpforms[fields][30][]\" value=\"Jag samtycker till att Stockholmsm\u00e4ssan behandlar mina personuppgifter f\u00f6r detta \u00e4ndam\u00e5l.\" aria-errormessage=\"wpforms-3326305-field_30_1-error\" aria-describedby=\"wpforms-3326305-field_30-description\" required ><label class=\"wpforms-field-label-inline\" for=\"wpforms-3326305-field_30_1\">Jag samtycker till att Stockholmsm\u00e4ssan behandlar mina personuppgifter f\u00f6r detta \u00e4ndam\u00e5l.<\/label><\/li><\/ul><\/div><div id=\"wpforms-3326305-field_37-container\" class=\"wpforms-field wpforms-field-hidden\" data-field-id=\"37\"><input type=\"hidden\" id=\"wpforms-3326305-field_37\" name=\"wpforms[fields][37]\" value=\"LOREM-19-Optin-SWE\"><\/div><div id=\"wpforms-3326305-field_38-container\" class=\"wpforms-field wpforms-field-hidden\" data-field-id=\"38\"><input type=\"hidden\" id=\"wpforms-3326305-field_38\" name=\"wpforms[fields][38]\" value=\"Webb-Optin-LOREM-SWE\"><\/div><div id=\"wpforms-3326305-field_39-container\" class=\"wpforms-field wpforms-field-hidden\" data-field-id=\"39\"><input type=\"hidden\" id=\"wpforms-3326305-field_39\" name=\"wpforms[fields][39]\" value=\"Svenska\"><\/div><div id=\"wpforms-3326305-field_40-container\" class=\"wpforms-field wpforms-field-hidden\" data-field-id=\"40\"><input type=\"hidden\" id=\"wpforms-3326305-field_40\" name=\"wpforms[fields][40]\" value=\"true\"><\/div><div id=\"wpforms-3326305-field_41-container\" class=\"wpforms-field wpforms-field-hidden\" data-field-id=\"41\"><input type=\"hidden\" id=\"wpforms-3326305-field_41\" name=\"wpforms[fields][41]\" value=\"19\"><\/div>\t\t<div id=\"wpforms-3326305-field_1-container\"\n\t\t\tclass=\"wpforms-field wpforms-field-text\"\n\t\t\tdata-field-type=\"text\"\n\t\t\tdata-field-id=\"1\"\n\t\t\t>\n\t\t\t<label class=\"wpforms-field-label\" for=\"wpforms-3326305-field_1\" >lead_kampanj__c av MC_Sprak__c<\/label>\n\t\t\t<input type=\"text\" id=\"wpforms-3326305-field_1\" class=\"wpforms-field-medium\" name=\"wpforms[fields][1]\" >\n\t\t<\/div>\n\t\t<div id=\"wpforms-3326305-field_42-container\" class=\"wpforms-field wpforms-field-hidden\" data-field-id=\"42\"><input type=\"hidden\" id=\"wpforms-3326305-field_42\" name=\"wpforms[fields][42]\" value=\"[Ej n\u00f6dv\u00e4ndigt]\"><\/div><script>\n\t\t\t\t( function() {\n\t\t\t\t\tconst style = document.createElement( 'style' );\n\t\t\t\t\tstyle.appendChild( document.createTextNode( '#wpforms-3326305-field_1-container { position: absolute !important; overflow: hidden !important; display: inline !important; height: 1px !important; width: 1px !important; z-index: -1000 !important; padding: 0 !important; } #wpforms-3326305-field_1-container input { visibility: hidden; } #wpforms-conversational-form-page #wpforms-3326305-field_1-container label { counter-increment: none; }' ) );\n\t\t\t\t\tdocument.head.appendChild( style );\n\t\t\t\t\tdocument.currentScript?.remove();\n\t\t\t\t} )();\n\t\t\t<\/script><\/div><!-- .wpforms-field-container --><div class=\"wpforms-submit-container\" ><input type=\"hidden\" name=\"wpforms[id]\" value=\"3326305\"><input type=\"hidden\" name=\"page_title\" value=\"\"><input type=\"hidden\" name=\"page_url\" value=\"https:\/\/totalforsvarsmassan.se\/en\/wp-json\/wp\/v2\/pages\/3327022\"><input type=\"hidden\" name=\"url_referer\" value=\"\"><button type=\"submit\" name=\"wpforms[submit]\" id=\"wpforms-submit-3326305\" class=\"wpforms-submit\" data-alt-text=\"Skickar ...\" data-submit-text=\"Prenumerera!\" aria-live=\"assertive\" value=\"wpforms-submit\">Prenumerera!<\/button><img decoding=\"async\" src=\"https:\/\/totalforsvarsmassan.se\/wp-content\/plugins\/wpforms\/assets\/images\/submit-spin.svg\" class=\"wpforms-submit-spinner\" style=\"display: none;\" width=\"26\" height=\"26\" alt=\"Loading\"><\/div><\/form><\/div>  <!-- .wpforms-container -->\n\t\t\t\t<\/div>\n\t\t\t<\/div><\/p>\n","protected":false},"author":1,"featured_media":3327341,"parent":0,"menu_order":0,"comment_status":"closed","ping_status":"closed","template":"","meta":{"_et_pb_use_builder":"on","_et_pb_old_content":"","_et_gb_content_width":"","footnotes":""},"class_list":["post-3327022","page","type-page","status-publish","has-post-thumbnail","hentry"],"_links":{"self":[{"href":"https:\/\/totalforsvarsmassan.se\/en\/wp-json\/wp\/v2\/pages\/3327022","targetHints":{"allow":["GET"]}}],"collection":[{"href":"https:\/\/totalforsvarsmassan.se\/en\/wp-json\/wp\/v2\/pages"}],"about":[{"href":"https:\/\/totalforsvarsmassan.se\/en\/wp-json\/wp\/v2\/types\/page"}],"author":[{"embeddable":true,"href":"https:\/\/totalforsvarsmassan.se\/en\/wp-json\/wp\/v2\/users\/1"}],"replies":[{"embeddable":true,"href":"https:\/\/totalforsvarsmassan.se\/en\/wp-json\/wp\/v2\/comments?post=3327022"}],"version-history":[{"count":3,"href":"https:\/\/totalforsvarsmassan.se\/en\/wp-json\/wp\/v2\/pages\/3327022\/revisions"}],"predecessor-version":[{"id":3335430,"href":"https:\/\/totalforsvarsmassan.se\/en\/wp-json\/wp\/v2\/pages\/3327022\/revisions\/3335430"}],"wp:featuredmedia":[{"embeddable":true,"href":"https:\/\/totalforsvarsmassan.se\/en\/wp-json\/wp\/v2\/media\/3327341"}],"wp:attachment":[{"href":"https:\/\/totalforsvarsmassan.se\/en\/wp-json\/wp\/v2\/media?parent=3327022"}],"curies":[{"name":"wp","href":"https:\/\/api.w.org\/{rel}","templated":true}]}}