{"id":3327058,"date":"2024-02-27T11:36:03","date_gmt":"2024-02-27T10:36:03","guid":{"rendered":"https:\/\/totalforsvarsmassan.se\/for-visitors\/"},"modified":"2026-02-12T12:47:01","modified_gmt":"2026-02-12T11:47:01","slug":"for-visitors","status":"publish","type":"page","link":"https:\/\/totalforsvarsmassan.se\/en\/for-visitors\/","title":{"rendered":"For visitors"},"content":{"rendered":"<p>[et_pb_section fb_built=&#8221;1&#8243; _builder_version=&#8221;4.27.4&#8243; _module_preset=&#8221;cc13b404-e2cb-487a-af92-9662f550d502&#8243; background_color=&#8221;#526075&#8243; background_color_gradient_direction=&#8221;191deg&#8221; background_color_gradient_stops=&#8221;rgba(0,0,0,0) 80%|rgba(0,0,0,0.9) 100%&#8221; background_image=&#8221;https:\/\/totalforsvarsmassan.se\/wp-content\/uploads\/2026\/01\/For-besokare__Huvudentre_by-Night_04_1920x1080.webp&#8221; background_position=&#8221;top_center&#8221; background_vertical_offset=&#8221;20%&#8221; global_colors_info=&#8221;{}&#8221;][et_pb_row _builder_version=&#8221;4.27.4&#8243; _module_preset=&#8221;087478c9-bc28-42e0-b4eb-af3ef24da15a&#8221; locked=&#8221;off&#8221; global_colors_info=&#8221;{}&#8221;][et_pb_column type=&#8221;4_4&#8243; _builder_version=&#8221;4.24.0&#8243; _module_preset=&#8221;default&#8221; global_colors_info=&#8221;{}&#8221;][et_pb_cta title=&#8221;For visitors &#8221; button_url=&#8221;#&#8221; _builder_version=&#8221;4.27.4&#8243; _module_preset=&#8221;eeb10789-0922-445d-be67-cf374fa445b8&#8243; global_colors_info=&#8221;{%22gcid-qd02mvnl-rjfk-uaoz-e20p-192u5ftnybzm%22:%91%22button_text_color%22,%22button_text_color__hover%22,%22button_icon_color__hover%22,%22button_icon_color%22,%22button_text_color%22,%22button_text_color__hover%22,%22button_icon_color__hover%22,%22button_icon_color%22%93,%22gcid-157f576f-415f-4d64-bdc7-c64d33ccfd79%22:%91%22button_border_color__hover%22,%22button_bg_color__hover%22%93,%22gcid-7sauvy59-7n93-kzpb-hk6v-sop20l6og0pe%22:%91%22button_bg_color%22,%22button_border_color%22,%22button_border_color%22,%22button_bg_color%22%93,%22gcid-m0fraqv3-qztm-9290-df11-7p07yu2mtcg6%22:%91%22button_text_color%22,%22button_text_color%22,%22button_text_color%22,%22button_text_color%22,%22button_text_color%22,%22button_text_color%22,%22button_text_color%22,%22button_text_color%22,%22button_text_color%22,%22button_text_color%22,%22button_text_color%22%93}&#8221; button_border_color__hover_enabled=&#8221;on|desktop&#8221; button_border_color__hover=&#8221;&#8221;][\/et_pb_cta][\/et_pb_column][\/et_pb_row][\/et_pb_section][et_pb_section fb_built=&#8221;1&#8243; admin_label=&#8221;Text 50\/50&#8243; _builder_version=&#8221;4.27.4&#8243; _module_preset=&#8221;34b06a86-dc81-4983-919e-0fd7f286eb1b&#8221; locked=&#8221;off&#8221; global_colors_info=&#8221;{}&#8221;][et_pb_row column_structure=&#8221;2_3,1_3&#8243; custom_padding_last_edited=&#8221;on|desktop&#8221; _builder_version=&#8221;4.27.5&#8243; _module_preset=&#8221;_initial&#8221; custom_padding_tablet=&#8221;||||false|false&#8221; custom_padding_phone=&#8221;||||false|false&#8221; locked=&#8221;off&#8221; global_colors_info=&#8221;%91%93&#8243;][et_pb_column type=&#8221;2_3&#8243; _builder_version=&#8221;4.24.0&#8243; _module_preset=&#8221;default&#8221; global_colors_info=&#8221;{}&#8221;][et_pb_text _builder_version=&#8221;4.27.4&#8243; _module_preset=&#8221;default&#8221; global_colors_info=&#8221;%91%93&#8243;]<\/p>\n<p>National Defence Expo is the meeting place for everyone who works with, is responsible for, or has an interest in Sweden\u2019s total defence. Here, public authorities, companies, decision-makers and experts come together to share knowledge, showcase solutions and discuss the future of national preparedness. <\/p>\n<p>As a visitor to National Defence Expo, you can explore new solutions, take part in insightful discussions and make unexpected connections that may become the starting point for your next important collaboration.This is where preparedness becomes reality. <\/p>\n<p>Whether you are here to build new connections, attend presentations or gain a better understanding of how Sweden\u2019s total defence is evolving, we are here to help you make the most of your visit.<\/p>\n<p>[\/et_pb_text][\/et_pb_column][et_pb_column type=&#8221;1_3&#8243; _builder_version=&#8221;4.27.4&#8243; _module_preset=&#8221;default&#8221; background_color=&#8221;#526075&#8243; custom_padding=&#8221;30px|30px|30px|30px|false|false&#8221; global_colors_info=&#8221;{}&#8221;][et_pb_text _builder_version=&#8221;4.27.4&#8243; _module_preset=&#8221;default&#8221; text_text_color=&#8221;#F9F3DF&#8221; header_3_text_color=&#8221;#F9F3DF&#8221; module_alignment=&#8221;center&#8221; custom_padding=&#8221;||||false|false&#8221; global_colors_info=&#8221;{}&#8221;]<\/p>\n<h3>Opening hours<\/h3>\n<p>Tuesday 20 October \u2014 09:00\u201317:00<br \/>Wednesday 21 October \u2014 09:00\u201317:00<br \/>Thursday 22 October \u2014 09:00\u201316:00<\/p>\n<p>[\/et_pb_text][\/et_pb_column][\/et_pb_row][\/et_pb_section][et_pb_section fb_built=&#8221;1&#8243; admin_label=&#8221;Bild 1\/2 + Text 1\/2&#8243; _builder_version=&#8221;4.27.4&#8243; _module_preset=&#8221;90f7fcc8-011e-4540-8598-a12e53a29ab5&#8243; background_color=&#8221;#E3E3E3&#8243; locked=&#8221;off&#8221; global_colors_info=&#8221;{}&#8221;][et_pb_row column_structure=&#8221;1_2,1_2&#8243; disabled_on=&#8221;off|off|off&#8221; _builder_version=&#8221;4.27.4&#8243; _module_preset=&#8221;a99cec97-d4de-45a0-bc89-e97b6a72ba26&#8243; global_colors_info=&#8221;%91%93&#8243;][et_pb_column type=&#8221;1_2&#8243; _builder_version=&#8221;4.23.4&#8243; _module_preset=&#8221;default&#8221; global_colors_info=&#8221;{}&#8221;][et_pb_image src=&#8221;https:\/\/totalforsvarsmassan.se\/wp-content\/uploads\/2025\/11\/Vad-hander.webp&#8221; title_text=&#8221;Vad-hander&#8221; _builder_version=&#8221;4.27.4&#8243; _module_preset=&#8221;default&#8221; global_colors_info=&#8221;%91%93&#8243;][\/et_pb_image][\/et_pb_column][et_pb_column type=&#8221;1_2&#8243; _builder_version=&#8221;4.23.4&#8243; _module_preset=&#8221;default&#8221; global_colors_info=&#8221;{}&#8221;][et_pb_cta title=&#8221;What\u2019s happening at the Expo?&#8221; button_url=&#8221;#&#8221; _builder_version=&#8221;4.27.4&#8243; _module_preset=&#8221;_initial&#8221; button_border_width=&#8221;0px&#8221; button_custom_padding_tablet=&#8221;&#8221; button_custom_padding_phone=&#8221;&#8221; button_custom_padding_last_edited=&#8221;on|desktop&#8221; global_colors_info=&#8221;{%22gcid-7sauvy59-7n93-kzpb-hk6v-sop20l6og0pe%22:%91%22button_bg_color%22,%22button_border_color%22%93,%22gcid-qd02mvnl-rjfk-uaoz-e20p-192u5ftnybzm%22:%91%22button_text_color__hover%22,%22button_icon_color%22,%22button_text_color__hover%22,%22button_icon_color%22,%22button_text_color__hover%22,%22button_icon_color%22%93,%22gcid-157f576f-415f-4d64-bdc7-c64d33ccfd79%22:%91%22button_bg_color__hover%22,%22button_border_color__hover%22,%22button_bg_color__hover%22,%22button_border_color__hover%22,%22button_bg_color__hover%22,%22button_border_color__hover%22%93}&#8221;]<\/p>\n<p>National Defence Expo offers a comprehensive programme featuring open stages for panel discussions, future outlooks and presentations. For authorised participants, closed seminars with in-depth discussions are also available. The exhibition creates dedicated meeting spaces through networking sessions and dialogue forums, while enabling business development, innovation and cross-sector collaboration.  <\/p>\n<p>[\/et_pb_cta][\/et_pb_column][\/et_pb_row][et_pb_row column_structure=&#8221;1_2,1_2&#8243; _builder_version=&#8221;4.27.4&#8243; _module_preset=&#8221;4d06a7ca-0fe0-47a5-aa51-49c201704d65&#8243; locked=&#8221;off&#8221; global_colors_info=&#8221;%91%93&#8243;][et_pb_column type=&#8221;1_2&#8243; _builder_version=&#8221;4.23.4&#8243; _module_preset=&#8221;default&#8221; global_colors_info=&#8221;{}&#8221;][et_pb_cta title=&#8221;Plan your visit&#8221; button_url=&#8221;@ET-DC@eyJkeW5hbWljIjp0cnVlLCJjb250ZW50IjoicG9zdF9saW5rX3VybF9wYWdlIiwic2V0dGluZ3MiOnsicG9zdF9pZCI6IjMzMTMyOTIifX0=@&#8221; button_text=&#8221;Plan your visit&#8221; _builder_version=&#8221;4.27.4&#8243; _dynamic_attributes=&#8221;button_url&#8221; _module_preset=&#8221;_initial&#8221; button_border_width=&#8221;0px&#8221; button_custom_padding_tablet=&#8221;&#8221; button_custom_padding_phone=&#8221;&#8221; button_custom_padding_last_edited=&#8221;on|desktop&#8221; locked=&#8221;off&#8221; global_colors_info=&#8221;{%22gcid-7sauvy59-7n93-kzpb-hk6v-sop20l6og0pe%22:%91%22button_bg_color%22,%22button_border_color%22%93,%22gcid-qd02mvnl-rjfk-uaoz-e20p-192u5ftnybzm%22:%91%22button_text_color__hover%22,%22button_icon_color%22,%22button_text_color__hover%22,%22button_icon_color%22,%22button_text_color__hover%22,%22button_icon_color%22%93,%22gcid-157f576f-415f-4d64-bdc7-c64d33ccfd79%22:%91%22button_bg_color__hover%22,%22button_border_color__hover%22,%22button_bg_color__hover%22,%22button_border_color__hover%22,%22button_bg_color__hover%22,%22button_border_color__hover%22%93}&#8221;]<\/p>\n<p>Located in \u00c4lvsj\u00f6, only 9 minutes from Stockholm City, you will find Stockholmsm\u00e4ssan. Would you like to know how to get here, what dining options are available on site, or where to find a parking space with charging facilities? Whatever you would like to know ahead of your visit, you can find the answer here.<\/p>\n<p>[\/et_pb_cta][\/et_pb_column][et_pb_column type=&#8221;1_2&#8243; _builder_version=&#8221;4.23.4&#8243; _module_preset=&#8221;default&#8221; global_colors_info=&#8221;{}&#8221;][et_pb_image src=&#8221;https:\/\/totalforsvarsmassan.se\/wp-content\/uploads\/2026\/01\/Infor-ditt-besok_DSC08572_1080x540.webp&#8221; alt=&#8221;Visitors and exhibitors talking in the entrance hall at an exhibition at Stockholmsm\u00e4ssan.&#8221; title_text=&#8221;Inf\u00f6r-ditt-bes\u00f6k_DSC08572_1080x540&#8243; module_class=&#8221;dt-zoom-in&#8221; _builder_version=&#8221;4.27.4&#8243; _module_preset=&#8221;2ce263a2-60b5-487d-98c5-54277b4732b6&#8243; global_colors_info=&#8221;%91%93&#8243;][\/et_pb_image][\/et_pb_column][\/et_pb_row][et_pb_row column_structure=&#8221;1_2,1_2&#8243; disabled_on=&#8221;off|off|off&#8221; _builder_version=&#8221;4.27.4&#8243; _module_preset=&#8221;a99cec97-d4de-45a0-bc89-e97b6a72ba26&#8243; global_colors_info=&#8221;%91%93&#8243;][et_pb_column type=&#8221;1_2&#8243; _builder_version=&#8221;4.23.4&#8243; _module_preset=&#8221;default&#8221; global_colors_info=&#8221;{}&#8221;][et_pb_image src=&#8221;https:\/\/totalforsvarsmassan.se\/wp-content\/uploads\/2025\/11\/puff_skydd_1080x540.webp&#8221; alt=&#8221;A handler lets a service dog examine a piece of luggage in a terminal.&#8221; title_text=&#8221;puff_protection_1080x540&#8243; _builder_version=&#8221;4.27.4&#8243; _module_preset=&#8221;default&#8221; global_colors_info=&#8221;%91%93&#8243;][\/et_pb_image][\/et_pb_column][et_pb_column type=&#8221;1_2&#8243; _builder_version=&#8221;4.23.4&#8243; _module_preset=&#8221;default&#8221; global_colors_info=&#8221;{}&#8221;][et_pb_cta title=&#8221;The Nordic region\u2019s safest trade fairs under one roof&#8221; button_url=&#8221;https:\/\/skydd.net&#8221; url_new_window=&#8221;on&#8221; button_text=&#8221;Go to SKYDD&#8221; _builder_version=&#8221;4.27.5&#8243; _module_preset=&#8221;_initial&#8221; button_border_width=&#8221;0px&#8221; button_custom_padding_tablet=&#8221;&#8221; button_custom_padding_phone=&#8221;&#8221; button_custom_padding_last_edited=&#8221;on|desktop&#8221; global_colors_info=&#8221;{%22gcid-7sauvy59-7n93-kzpb-hk6v-sop20l6og0pe%22:%91%22button_bg_color%22,%22button_border_color%22%93,%22gcid-qd02mvnl-rjfk-uaoz-e20p-192u5ftnybzm%22:%91%22button_text_color__hover%22,%22button_icon_color%22,%22button_text_color__hover%22,%22button_icon_color%22,%22button_text_color__hover%22,%22button_icon_color%22%93,%22gcid-157f576f-415f-4d64-bdc7-c64d33ccfd79%22:%91%22button_bg_color__hover%22,%22button_border_color__hover%22,%22button_bg_color__hover%22,%22button_border_color__hover%22,%22button_bg_color__hover%22,%22button_border_color__hover%22%93}&#8221;]<\/p>\n<p>SKYDD is the Nordic region\u2019s largest meeting place for protection and security, firefighting, rescue operations and personal protective equipment. Here, you will meet suppliers, public authorities and experts presenting solutions in security technology, guarding and protective services, and societal security.SKYDD is held in parallel with National Defence Expo \u2013 take the opportunity to visit the Nordic region\u2019s safest fairs under one roof.  <\/p>\n<p>[\/et_pb_cta][\/et_pb_column][\/et_pb_row][\/et_pb_section][et_pb_section fb_built=&#8221;1&#8243; custom_padding_last_edited=&#8221;on|tablet&#8221; disabled_on=&#8221;on|on|on&#8221; admin_label=&#8221;Video&#8221; _builder_version=&#8221;4.27.4&#8243; _module_preset=&#8221;default&#8221; background_color=&#8221;gcid-pakb8aht-i5iv-ywfh-tbey-rejtmt2hf9pe&#8221; custom_padding_tablet=&#8221;&#8221; custom_padding_phone=&#8221;&#8221; disabled=&#8221;on&#8221; locked=&#8221;off&#8221; global_colors_info=&#8221;{%22gcid-pakb8aht-i5iv-ywfh-tbey-rejtmt2hf9pe%22:%91%22background_color%22%93}&#8221;][et_pb_row _builder_version=&#8221;4.27.4&#8243; _module_preset=&#8221;default&#8221; global_colors_info=&#8221;%91%93&#8243;][et_pb_column type=&#8221;4_4&#8243; _builder_version=&#8221;4.23.4&#8243; _module_preset=&#8221;default&#8221; global_colors_info=&#8221;{}&#8221;][et_pb_video src=&#8221;https:\/\/totalforsvarsmassan.se\/wp-content\/uploads\/2025\/10\/placeholder-background-video.mp4&#8243; image_src=&#8221;https:\/\/totalforsvarsmassan.se\/wp-content\/uploads\/2025\/10\/placeholder.jpg&#8221; _builder_version=&#8221;4.27.4&#8243; _module_preset=&#8221;default&#8221; global_colors_info=&#8221;%91%93&#8243;][\/et_pb_video][\/et_pb_column][\/et_pb_row][\/et_pb_section][et_pb_section fb_built=&#8221;1&#8243; disabled_on=&#8221;on|on|on&#8221; admin_label=&#8221;FAQ&#8221; _builder_version=&#8221;4.27.4&#8243; _module_preset=&#8221;default&#8221; disabled=&#8221;on&#8221; locked=&#8221;off&#8221;][et_pb_row _builder_version=&#8221;4.27.4&#8243; _module_preset=&#8221;default&#8221; global_colors_info=&#8221;%91%93&#8243;][et_pb_column type=&#8221;4_4&#8243; _builder_version=&#8221;4.23.4&#8243; _module_preset=&#8221;default&#8221; global_colors_info=&#8221;{}&#8221;][et_pb_text _builder_version=&#8221;4.27.4&#8243; _module_preset=&#8221;d2de1bb5-7871-475a-a7ce-cf892236863b&#8221; text_font=&#8221;||||||||&#8221; global_colors_info=&#8221;%91%93&#8243;]<\/p>\n<h2>Dolor ipsum dolor et samet<\/h2>\n<p>Duis autem vel eum iriure dolor in hendrerit in vulputate velit esse molestie consequat, vel illum dolore eu feugiat nulla facilisis.<\/p>\n<p>[\/et_pb_text][\/et_pb_column][\/et_pb_row][et_pb_row _builder_version=&#8221;4.27.4&#8243; _module_preset=&#8221;default&#8221; global_colors_info=&#8221;%91%93&#8243;][et_pb_column type=&#8221;4_4&#8243; _builder_version=&#8221;4.23.4&#8243; _module_preset=&#8221;default&#8221; global_colors_info=&#8221;{}&#8221;][et_pb_toggle title=&#8221;Want to know more?&#8221; _builder_version=&#8221;4.27.4&#8243; _module_preset=&#8221;default&#8221; global_colors_info=&#8221;{%22gcid-3qvkiclf-cbga-i7f8-1xx5-l82f0oh7yg2p%22:%91%22icon_color%22,%22open_toggle_background_color%22,%22closed_toggle_text_color%22,%22icon_color%22,%22open_toggle_background_color%22,%22closed_toggle_text_color%22,%22icon_color%22,%22open_toggle_background_color%22,%22closed_toggle_text_color%22%93,%22gcid-m0fraqv3-qztm-9290-df11-7p07yu2mtcg6%22:%91%22open_icon_color%22,%22closed_toggle_background_color%22,%22open_toggle_text_color%22,%22open_icon_color%22,%22closed_toggle_background_color%22,%22open_toggle_text_color%22,%22body_text_color%22%93}&#8221;]<\/p>\n<p>Duis autem vel eum iriure dolor in hendrerit in vulputate velit esse molestie consequat, vel illum dolore eu feugiat nulla facilisis at vero eros et accumsan et iusto odio dignissim qui blandit praesent luptatum zzril delenit augue duis dolore te feugait nulla facilisi. Lorem ipsum dolor sit amet, consectetuer adipiscing elit, sed diam nonummy nibh euismod tincidunt ut laoreet dolore magna aliquam erat volutpat.<\/p>\n<p><a href=\"#\">L\u00e4s mer om lorem ipsum \u00bb<\/a><\/p>\n<p>[\/et_pb_toggle][et_pb_toggle title=&#8221;Want to know more?&#8221; _builder_version=&#8221;4.27.4&#8243; _module_preset=&#8221;default&#8221; global_colors_info=&#8221;{%22gcid-3qvkiclf-cbga-i7f8-1xx5-l82f0oh7yg2p%22:%91%22icon_color%22,%22open_toggle_background_color%22,%22closed_toggle_text_color%22,%22icon_color%22,%22open_toggle_background_color%22,%22closed_toggle_text_color%22,%22icon_color%22,%22open_toggle_background_color%22,%22closed_toggle_text_color%22%93,%22gcid-m0fraqv3-qztm-9290-df11-7p07yu2mtcg6%22:%91%22open_icon_color%22,%22closed_toggle_background_color%22,%22open_toggle_text_color%22,%22open_icon_color%22,%22closed_toggle_background_color%22,%22open_toggle_text_color%22,%22body_text_color%22%93}&#8221;]<\/p>\n<p>Duis autem vel eum iriure dolor in hendrerit in vulputate velit esse molestie consequat, vel illum dolore eu feugiat nulla facilisis at vero eros et accumsan et iusto odio dignissim qui blandit praesent luptatum zzril delenit augue duis dolore te feugait nulla facilisi. Lorem ipsum dolor sit amet, consectetuer adipiscing elit, sed diam nonummy nibh euismod tincidunt ut laoreet dolore magna aliquam erat volutpat.<\/p>\n<p><a href=\"#\">L\u00e4s mer om lorem ipsum \u00bb<\/a><\/p>\n<p>[\/et_pb_toggle][et_pb_toggle title=&#8221;Want to know more?&#8221; _builder_version=&#8221;4.27.4&#8243; _module_preset=&#8221;default&#8221; global_colors_info=&#8221;{%22gcid-3qvkiclf-cbga-i7f8-1xx5-l82f0oh7yg2p%22:%91%22icon_color%22,%22open_toggle_background_color%22,%22closed_toggle_text_color%22,%22icon_color%22,%22open_toggle_background_color%22,%22closed_toggle_text_color%22,%22icon_color%22,%22open_toggle_background_color%22,%22closed_toggle_text_color%22%93,%22gcid-m0fraqv3-qztm-9290-df11-7p07yu2mtcg6%22:%91%22open_icon_color%22,%22closed_toggle_background_color%22,%22open_toggle_text_color%22,%22open_icon_color%22,%22closed_toggle_background_color%22,%22open_toggle_text_color%22,%22body_text_color%22%93}&#8221;]<\/p>\n<p>Duis autem vel eum iriure dolor in hendrerit in vulputate velit esse molestie consequat, vel illum dolore eu feugiat nulla facilisis at vero eros et accumsan et iusto odio dignissim qui blandit praesent luptatum zzril delenit augue duis dolore te feugait nulla facilisi. Lorem ipsum dolor sit amet, consectetuer adipiscing elit, sed diam nonummy nibh euismod tincidunt ut laoreet dolore magna aliquam erat volutpat.<\/p>\n<p><a href=\"#\">L\u00e4s mer om lorem ipsum \u00bb<\/a><\/p>\n<p>[\/et_pb_toggle][et_pb_toggle title=&#8221;Want to know more?&#8221; _builder_version=&#8221;4.27.4&#8243; _module_preset=&#8221;default&#8221; global_colors_info=&#8221;{%22gcid-3qvkiclf-cbga-i7f8-1xx5-l82f0oh7yg2p%22:%91%22icon_color%22,%22open_toggle_background_color%22,%22closed_toggle_text_color%22,%22icon_color%22,%22open_toggle_background_color%22,%22closed_toggle_text_color%22,%22icon_color%22,%22open_toggle_background_color%22,%22closed_toggle_text_color%22%93,%22gcid-m0fraqv3-qztm-9290-df11-7p07yu2mtcg6%22:%91%22open_icon_color%22,%22closed_toggle_background_color%22,%22open_toggle_text_color%22,%22open_icon_color%22,%22closed_toggle_background_color%22,%22open_toggle_text_color%22,%22body_text_color%22%93}&#8221;]<\/p>\n<p>Duis autem vel eum iriure dolor in hendrerit in vulputate velit esse molestie consequat, vel illum dolore eu feugiat nulla facilisis at vero eros et accumsan et iusto odio dignissim qui blandit praesent luptatum zzril delenit augue duis dolore te feugait nulla facilisi. Lorem ipsum dolor sit amet, consectetuer adipiscing elit, sed diam nonummy nibh euismod tincidunt ut laoreet dolore magna aliquam erat volutpat.<\/p>\n<p><a href=\"#\">L\u00e4s mer om lorem ipsum \u00bb<\/a><\/p>\n<p>[\/et_pb_toggle][et_pb_toggle title=&#8221;Want to know more?&#8221; _builder_version=&#8221;4.27.4&#8243; _module_preset=&#8221;default&#8221; global_colors_info=&#8221;{%22gcid-3qvkiclf-cbga-i7f8-1xx5-l82f0oh7yg2p%22:%91%22icon_color%22,%22open_toggle_background_color%22,%22closed_toggle_text_color%22,%22icon_color%22,%22open_toggle_background_color%22,%22closed_toggle_text_color%22,%22icon_color%22,%22open_toggle_background_color%22,%22closed_toggle_text_color%22%93,%22gcid-m0fraqv3-qztm-9290-df11-7p07yu2mtcg6%22:%91%22open_icon_color%22,%22closed_toggle_background_color%22,%22open_toggle_text_color%22,%22open_icon_color%22,%22closed_toggle_background_color%22,%22open_toggle_text_color%22,%22body_text_color%22%93}&#8221;]<\/p>\n<p>Duis autem vel eum iriure dolor in hendrerit in vulputate velit esse molestie consequat, vel illum dolore eu feugiat nulla facilisis at vero eros et accumsan et iusto odio dignissim qui blandit praesent luptatum zzril delenit augue duis dolore te feugait nulla facilisi. Lorem ipsum dolor sit amet, consectetuer adipiscing elit, sed diam nonummy nibh euismod tincidunt ut laoreet dolore magna aliquam erat volutpat.<\/p>\n<p><a href=\"#\">L\u00e4s mer om lorem ipsum \u00bb<\/a><\/p>\n<p>[\/et_pb_toggle][\/et_pb_column][\/et_pb_row][\/et_pb_section][et_pb_section fb_built=&#8221;1&#8243; disabled_on=&#8221;on|on|on&#8221; _builder_version=&#8221;4.27.4&#8243; _module_preset=&#8221;1475dc87-2c8a-4991-8907-1d4a20f96c75&#8243; disabled=&#8221;on&#8221; locked=&#8221;off&#8221; global_colors_info=&#8221;{}&#8221;][et_pb_row _builder_version=&#8221;4.27.4&#8243; _module_preset=&#8221;default&#8221; global_colors_info=&#8221;{}&#8221;][et_pb_column type=&#8221;4_4&#8243; _builder_version=&#8221;4.27.4&#8243; _module_preset=&#8221;default&#8221; global_colors_info=&#8221;{}&#8221;][et_pb_cta title=&#8221;Call to action-block&#8221; button_url=&#8221;https:\/\/stockholmsmassan.se&#8221; button_text=&#8221;Read more&#8221; _builder_version=&#8221;4.27.4&#8243; _module_preset=&#8221;790a5a98-a8ae-4664-9be6-f0d3f55d6a19&#8243; global_colors_info=&#8221;{}&#8221;]<\/p>\n<p>The decision on a total ban on bags at larger events currently does not apply to fairs.<\/p>\n<p>[\/et_pb_cta][\/et_pb_column][\/et_pb_row][\/et_pb_section]<\/p>\n","protected":false},"excerpt":{"rendered":"<p>National Defence Expo is the meeting place for everyone who works with, is responsible for, or has an interest in Sweden\u2019s total defence. Here, public authorities, companies, decision-makers and experts [&hellip;]<\/p>\n","protected":false},"author":1,"featured_media":3327591,"parent":0,"menu_order":0,"comment_status":"closed","ping_status":"closed","template":"","meta":{"_et_pb_use_builder":"on","_et_pb_old_content":"","_et_gb_content_width":"","footnotes":""},"hf_cat_page":[],"class_list":["post-3327058","page","type-page","status-publish","has-post-thumbnail","hentry"],"_links":{"self":[{"href":"https:\/\/totalforsvarsmassan.se\/en\/wp-json\/wp\/v2\/pages\/3327058","targetHints":{"allow":["GET"]}}],"collection":[{"href":"https:\/\/totalforsvarsmassan.se\/en\/wp-json\/wp\/v2\/pages"}],"about":[{"href":"https:\/\/totalforsvarsmassan.se\/en\/wp-json\/wp\/v2\/types\/page"}],"author":[{"embeddable":true,"href":"https:\/\/totalforsvarsmassan.se\/en\/wp-json\/wp\/v2\/users\/1"}],"replies":[{"embeddable":true,"href":"https:\/\/totalforsvarsmassan.se\/en\/wp-json\/wp\/v2\/comments?post=3327058"}],"version-history":[{"count":7,"href":"https:\/\/totalforsvarsmassan.se\/en\/wp-json\/wp\/v2\/pages\/3327058\/revisions"}],"predecessor-version":[{"id":3335414,"href":"https:\/\/totalforsvarsmassan.se\/en\/wp-json\/wp\/v2\/pages\/3327058\/revisions\/3335414"}],"wp:featuredmedia":[{"embeddable":true,"href":"https:\/\/totalforsvarsmassan.se\/en\/wp-json\/wp\/v2\/media\/3327591"}],"wp:attachment":[{"href":"https:\/\/totalforsvarsmassan.se\/en\/wp-json\/wp\/v2\/media?parent=3327058"}],"wp:term":[{"taxonomy":"hf_cat_page","embeddable":true,"href":"https:\/\/totalforsvarsmassan.se\/en\/wp-json\/wp\/v2\/hf_cat_page?post=3327058"}],"curies":[{"name":"wp","href":"https:\/\/api.w.org\/{rel}","templated":true}]}}