{"id":3327059,"date":"2024-03-18T14:43:53","date_gmt":"2024-03-18T13:43:53","guid":{"rendered":"https:\/\/totalforsvarsmassan.se\/press-center\/"},"modified":"2026-02-13T14:37:33","modified_gmt":"2026-02-13T13:37:33","slug":"press-center","status":"publish","type":"page","link":"https:\/\/totalforsvarsmassan.se\/en\/press\/press-center\/","title":{"rendered":"Press center"},"content":{"rendered":"<p>[et_pb_section fb_built=&#8221;1&#8243; custom_padding_last_edited=&#8221;on|phone&#8221; admin_label=&#8221;Hero&#8221; _builder_version=&#8221;4.27.4&#8243; _module_preset=&#8221;dcffbe7c-d829-4b92-9e28-730b66b1c6df&#8221; background_color=&#8221;#526075&#8243; background_color_gradient_stops=&#8221;rgba(0,0,0,0) 60%|#000000 100%&#8221; background_image=&#8221;https:\/\/totalforsvarsmassan.se\/wp-content\/uploads\/2025\/06\/Presscenter_DSC07379_1920x850_Kontakta-oss.jpg&#8221; background_position=&#8221;top_center&#8221; custom_margin_tablet=&#8221;&#8221; custom_margin_phone=&#8221;&#8221; custom_margin_last_edited=&#8221;on|phone&#8221; custom_padding_tablet=&#8221;&#8221; custom_padding_phone=&#8221;&#8221; global_colors_info=&#8221;{}&#8221;][et_pb_row _builder_version=&#8221;4.27.4&#8243; _module_preset=&#8221;b47dc7b0-0c21-48f4-9be5-365125495c37&#8243; custom_margin_tablet=&#8221;&#8221; custom_margin_phone=&#8221;&#8221; custom_margin_last_edited=&#8221;on|phone&#8221; global_colors_info=&#8221;%91%93&#8243;][et_pb_column type=&#8221;4_4&#8243; _builder_version=&#8221;4.24.0&#8243; _module_preset=&#8221;default&#8221; custom_padding=&#8221;10%||40px||false|false&#8221; custom_padding_tablet=&#8221;0%|5%|30px|5%|false|true&#8221; custom_padding_phone=&#8221;||26px||false|true&#8221; custom_padding_last_edited=&#8221;on|phone&#8221; global_colors_info=&#8221;{}&#8221;][et_pb_cta title=&#8221;Press center&#8221; button_url=&#8221;#&#8221; _builder_version=&#8221;4.27.4&#8243; _module_preset=&#8221;d04ae360-bdc1-4d53-8348-0c325ea823df&#8221; global_colors_info=&#8221;{}&#8221;][\/et_pb_cta][\/et_pb_column][\/et_pb_row][\/et_pb_section][et_pb_section fb_built=&#8221;1&#8243; _builder_version=&#8221;4.27.4&#8243; _module_preset=&#8221;default&#8221; custom_padding=&#8221;50px||50px||true|false&#8221;][et_pb_row _builder_version=&#8221;4.27.4&#8243; _module_preset=&#8221;default&#8221; custom_padding=&#8221;||0px||false|false&#8221; locked=&#8221;off&#8221; global_colors_info=&#8221;{}&#8221;][et_pb_column type=&#8221;4_4&#8243; _builder_version=&#8221;4.23.4&#8243; _module_preset=&#8221;default&#8221; global_colors_info=&#8221;{}&#8221;][et_pb_text _builder_version=&#8221;4.27.4&#8243; _module_preset=&#8221;d2de1bb5-7871-475a-a7ce-cf892236863b&#8221; global_colors_info=&#8221;{}&#8221;]<\/p>\n<h2>Welcome to Stockholmsm\u00e4ssan&#8217;s press center<\/h2>\n<p>[\/et_pb_text][et_pb_divider _builder_version=&#8221;4.27.4&#8243; _module_preset=&#8221;default&#8221; global_colors_info=&#8221;{}&#8221;][\/et_pb_divider][\/et_pb_column][\/et_pb_row][et_pb_row column_structure=&#8221;1_2,1_2&#8243; custom_padding_last_edited=&#8221;off|desktop&#8221; _builder_version=&#8221;4.27.4&#8243; _module_preset=&#8221;4d06a7ca-0fe0-47a5-aa51-49c201704d65&#8243; custom_padding=&#8221;0px||||false|false&#8221; locked=&#8221;off&#8221; global_colors_info=&#8221;%91%93&#8243;][et_pb_column type=&#8221;1_2&#8243; _builder_version=&#8221;4.23.4&#8243; _module_preset=&#8221;default&#8221; global_colors_info=&#8221;{}&#8221;][et_pb_cta button_url=&#8221;#&#8221; _builder_version=&#8221;4.27.4&#8243; _module_preset=&#8221;_initial&#8221; button_border_width=&#8221;0px&#8221; button_custom_padding_tablet=&#8221;&#8221; button_custom_padding_phone=&#8221;&#8221; button_custom_padding_last_edited=&#8221;on|desktop&#8221; global_colors_info=&#8221;{%22gcid-7sauvy59-7n93-kzpb-hk6v-sop20l6og0pe%22:%91%22button_bg_color%22,%22button_border_color%22%93,%22gcid-qd02mvnl-rjfk-uaoz-e20p-192u5ftnybzm%22:%91%22button_text_color__hover%22,%22button_icon_color%22,%22button_text_color__hover%22,%22button_icon_color%22,%22button_text_color__hover%22,%22button_icon_color%22%93,%22gcid-157f576f-415f-4d64-bdc7-c64d33ccfd79%22:%91%22button_bg_color__hover%22,%22button_border_color__hover%22,%22button_bg_color__hover%22,%22button_border_color__hover%22,%22button_bg_color__hover%22,%22button_border_color__hover%22%93}&#8221;]<\/p>\n<p>In the press center, journalists can pick up their accreditation and work in peace and quiet, conduct interviews and meet colleagues over a cup of coffee.<\/p>\n<p>The Press Centre is located one floor up by the main entrance. The facilities are equipped with Wi-Fi, computers, printers and a photocopier.<br \/> There are also three interview rooms available for journalists to book if you wish to conduct an interview. The Press Centre provides press material from exhibitors and organisers, as well as a press programme schedule where applicable.<\/p>\n<p>Would you like to receive our press releases? Follow us on <a href=\"https:\/\/www.mynewsdesk.com\/se\/stockholmsmassan\/\" target=\"_blank\" rel=\"noopener\">Mynewsdesk<\/a>.<\/p>\n<h3>Please contact us:<\/h3>\n<p><a href=\"mailto:press@stockholmsmassan.se\">press@stockholmsmassan.se<\/a><\/p>\n<p>Press Centre telephone number during the expo:<br \/><a href=\"tel:+4687494287\">+46 8 749 42 87<\/a><\/p>\n<p><strong>Welcome to our press center!<\/strong><\/p>\n<p>[\/et_pb_cta][\/et_pb_column][et_pb_column type=&#8221;1_2&#8243; _builder_version=&#8221;4.23.4&#8243; _module_preset=&#8221;default&#8221; global_colors_info=&#8221;{}&#8221;][et_pb_image src=&#8221;https:\/\/totalforsvarsmassan.se\/wp-content\/uploads\/2026\/01\/presscenter-1080&#215;540-1.webp&#8221; alt=&#8221;Presscenter med platser Press Centre with workstations where members of the press are working on their laptops.&#8221; title_text=&#8221;presscenter-1080&#215;540&#8243; _builder_version=&#8221;4.27.4&#8243; _module_preset=&#8221;default&#8221; global_colors_info=&#8221;%91%93&#8243;][\/et_pb_image][\/et_pb_column][\/et_pb_row][\/et_pb_section][et_pb_section fb_built=&#8221;1&#8243; admin_label=&#8221;Sektion&#8221; _builder_version=&#8221;4.27.4&#8243; _module_preset=&#8221;default&#8221; background_color=&#8221;#E3E3E3&#8243; global_colors_info=&#8221;{%22gcid-zqmeyyr1-ozjs-tdol-t9th-kdmdqxufunhr%22:%91%22border_color_right%22%93}&#8221; locked=&#8221;off&#8221;][et_pb_row column_structure=&#8221;1_3,1_3,1_3&#8243; custom_padding_last_edited=&#8221;on|phone&#8221; admin_label=&#8221;Row&#8221; _builder_version=&#8221;4.27.4&#8243; _module_preset=&#8221;f9b766ed-ceef-4cd8-958d-5caeab6123e6&#8243; custom_padding_tablet=&#8221;&#8221; custom_padding_phone=&#8221;0px||||false|false&#8221; global_colors_info=&#8221;{}&#8221;][et_pb_column type=&#8221;1_3&#8243; _builder_version=&#8221;4.27.4&#8243; _dynamic_attributes=&#8221;link_option_url&#8221; _module_preset=&#8221;default&#8221; link_option_url=&#8221;@ET-DC@eyJkeW5hbWljIjp0cnVlLCJjb250ZW50IjoicG9zdF9saW5rX3VybF9wYWdlIiwic2V0dGluZ3MiOnsicG9zdF9pZCI6IjMzMTIxODcifX0=@&#8221; global_colors_info=&#8221;{}&#8221;][et_pb_image src=&#8221;https:\/\/totalforsvarsmassan.se\/wp-content\/uploads\/2026\/01\/Om-oss_DSC08576_1080x540_w.webp&#8221; alt=&#8221;Participants in uniform seated in the audience, listening to a speaker on stage at National Defence Expo. &#8221; title_text=&#8221;About-us_DSC08576_1080x540_w&#8221; force_fullwidth=&#8221;on&#8221; module_class=&#8221;puff-image&#8221; _builder_version=&#8221;4.27.4&#8243; _module_preset=&#8221;default&#8221; locked=&#8221;off&#8221; global_colors_info=&#8221;{}&#8221;][\/et_pb_image][et_pb_cta title=&#8221;About National Defence Expo&#8221; button_url=&#8221;@ET-DC@eyJkeW5hbWljIjp0cnVlLCJjb250ZW50IjoicG9zdF9saW5rX3VybF9wYWdlIiwic2V0dGluZ3MiOnsicG9zdF9pZCI6IjMzMTg3MzYifX0=@&#8221; button_text=&#8221;More about us&#8221; _builder_version=&#8221;4.27.4&#8243; _dynamic_attributes=&#8221;button_url&#8221; _module_preset=&#8221;e522eb66-87c3-4648-89dc-84da811024a7&#8243; locked=&#8221;off&#8221; global_colors_info=&#8221;{%22gcid-qd02mvnl-rjfk-uaoz-e20p-192u5ftnybzm%22:%91%22header_text_color%22%93}&#8221;]<\/p>\n<p>National Defence Expo aims to strengthen understanding of the importance of Sweden\u2019s total defence and its central role in developing the country\u2019s preparedness. By bringing together stakeholders from both the civilian and military sectors, as well as public and private organisations, the exhibition provides a platform for knowledge sharing, collaboration and the development of solutions for future crisis management and security. <\/p>\n<p>[\/et_pb_cta][\/et_pb_column][et_pb_column type=&#8221;1_3&#8243; _builder_version=&#8221;4.27.4&#8243; _dynamic_attributes=&#8221;link_option_url&#8221; _module_preset=&#8221;default&#8221; link_option_url=&#8221;@ET-DC@eyJkeW5hbWljIjp0cnVlLCJjb250ZW50IjoicG9zdF9saW5rX3VybF9wYWdlIiwic2V0dGluZ3MiOnsicG9zdF9pZCI6IjMzMTIxODQifX0=@&#8221; global_colors_info=&#8221;{}&#8221;][et_pb_image src=&#8221;https:\/\/totalforsvarsmassan.se\/wp-content\/uploads\/2026\/01\/For-besokare_Huvudentre_by-Night_04_1080x540.webp&#8221; alt=&#8221;The main entrance to Stockholmsm\u00e4ssan illuminated in the evening.&#8221; title_text=&#8221;F\u00f6r bes\u00f6kare_Huvudentre_by-Night_04_1080x540&#8243; force_fullwidth=&#8221;on&#8221; module_class=&#8221;puff-image&#8221; _builder_version=&#8221;4.27.4&#8243; _module_preset=&#8221;default&#8221; locked=&#8221;off&#8221; global_colors_info=&#8221;{}&#8221;][\/et_pb_image][et_pb_cta title=&#8221;For visitors&#8221; button_url=&#8221;@ET-DC@eyJkeW5hbWljIjp0cnVlLCJjb250ZW50IjoicG9zdF9saW5rX3VybF9wYWdlIiwic2V0dGluZ3MiOnsicG9zdF9pZCI6IjMzMTIxODQifX0=@&#8221; button_text=&#8221;For visitors&#8221; _builder_version=&#8221;4.27.4&#8243; _dynamic_attributes=&#8221;button_url&#8221; _module_preset=&#8221;e522eb66-87c3-4648-89dc-84da811024a7&#8243; locked=&#8221;off&#8221; global_colors_info=&#8221;{%22gcid-7sauvy59-7n93-kzpb-hk6v-sop20l6og0pe%22:%91%22button_bg_color__hover%22,%22button_border_color__hover%22%93,%22gcid-qd02mvnl-rjfk-uaoz-e20p-192u5ftnybzm%22:%91%22header_text_color%22,%22button_text_color__hover%22%93,%22gcid-xe7ua1bg-8o1q-uq3m-f8ql-qk12tgltkuk4%22:%91%22button_bg_color__hover%22%93}&#8221;]<\/p>\n<p>At National Defence Expo, you will meet exhibitors from government authorities, the Swedish Armed Forces and civilian organisations working within civil preparedness and societal security. You will gain access to solutions, expertise and professional networks that contribute to strengthening Sweden\u2019s total defence and collective crisis preparedness. <\/p>\n<p>[\/et_pb_cta][\/et_pb_column][et_pb_column type=&#8221;1_3&#8243; _builder_version=&#8221;4.27.4&#8243; _module_preset=&#8221;default&#8221; link_option_url=&#8221;https:\/\/skydd.net\/en&#8221; link_option_url_new_window=&#8221;on&#8221; global_colors_info=&#8221;{}&#8221;][et_pb_image src=&#8221;https:\/\/totalforsvarsmassan.se\/wp-content\/uploads\/2025\/11\/puff_skydd_1080x540.webp&#8221; alt=&#8221;A handler lets a service dog examine a piece of luggage in a terminal.&#8221; title_text=&#8221;puff_protection_1080x540&#8243; force_fullwidth=&#8221;on&#8221; module_class=&#8221;puff-image&#8221; _builder_version=&#8221;4.27.4&#8243; _module_preset=&#8221;default&#8221; locked=&#8221;off&#8221; global_colors_info=&#8221;{}&#8221;][\/et_pb_image][et_pb_cta title=&#8221;SKYDD \u2013 held in parallel with National Defence Expo&#8221; button_url=&#8221;https:\/\/skydd.net\/en&#8221; url_new_window=&#8221;on&#8221; button_text=&#8221;Visit SKYDD&#8221; _builder_version=&#8221;4.27.5&#8243; _module_preset=&#8221;e522eb66-87c3-4648-89dc-84da811024a7&#8243; link_option_url_new_window=&#8221;on&#8221; locked=&#8221;off&#8221; global_colors_info=&#8221;{%22gcid-7sauvy59-7n93-kzpb-hk6v-sop20l6og0pe%22:%91%22button_bg_color__hover%22,%22button_border_color__hover%22%93,%22gcid-qd02mvnl-rjfk-uaoz-e20p-192u5ftnybzm%22:%91%22header_text_color%22,%22button_text_color__hover%22%93,%22gcid-xe7ua1bg-8o1q-uq3m-f8ql-qk12tgltkuk4%22:%91%22button_bg_color__hover%22%93}&#8221;]<\/p>\n<p>SKYDD showcases the very latest in security, firefighting, rescue operations and personal protective equipment, and is held in parallel with National Defence Expo.<br \/>Be there when connections are made and business is done. <\/p>\n<p>[\/et_pb_cta][\/et_pb_column][\/et_pb_row][\/et_pb_section]<\/p>\n","protected":false},"excerpt":{"rendered":"<p>Welcome to Stockholmsm\u00e4ssan&#8217;s press centerIn the press center, journalists can pick up their accreditation and work in peace and quiet, conduct interviews and meet colleagues over a cup of coffee. [&hellip;]<\/p>\n","protected":false},"author":1,"featured_media":3327124,"parent":3327113,"menu_order":0,"comment_status":"closed","ping_status":"closed","template":"","meta":{"_et_pb_use_builder":"on","_et_pb_old_content":"","_et_gb_content_width":"","footnotes":""},"class_list":["post-3327059","page","type-page","status-publish","has-post-thumbnail","hentry"],"_links":{"self":[{"href":"https:\/\/totalforsvarsmassan.se\/en\/wp-json\/wp\/v2\/pages\/3327059","targetHints":{"allow":["GET"]}}],"collection":[{"href":"https:\/\/totalforsvarsmassan.se\/en\/wp-json\/wp\/v2\/pages"}],"about":[{"href":"https:\/\/totalforsvarsmassan.se\/en\/wp-json\/wp\/v2\/types\/page"}],"author":[{"embeddable":true,"href":"https:\/\/totalforsvarsmassan.se\/en\/wp-json\/wp\/v2\/users\/1"}],"replies":[{"embeddable":true,"href":"https:\/\/totalforsvarsmassan.se\/en\/wp-json\/wp\/v2\/comments?post=3327059"}],"version-history":[{"count":3,"href":"https:\/\/totalforsvarsmassan.se\/en\/wp-json\/wp\/v2\/pages\/3327059\/revisions"}],"predecessor-version":[{"id":3335469,"href":"https:\/\/totalforsvarsmassan.se\/en\/wp-json\/wp\/v2\/pages\/3327059\/revisions\/3335469"}],"up":[{"embeddable":true,"href":"https:\/\/totalforsvarsmassan.se\/en\/wp-json\/wp\/v2\/pages\/3327113"}],"wp:featuredmedia":[{"embeddable":true,"href":"https:\/\/totalforsvarsmassan.se\/en\/wp-json\/wp\/v2\/media\/3327124"}],"wp:attachment":[{"href":"https:\/\/totalforsvarsmassan.se\/en\/wp-json\/wp\/v2\/media?parent=3327059"}],"curies":[{"name":"wp","href":"https:\/\/api.w.org\/{rel}","templated":true}]}}