{"id":3327123,"date":"2024-04-10T10:03:18","date_gmt":"2024-04-10T08:03:18","guid":{"rendered":"https:\/\/totalforsvarsmassan.se\/cookies\/"},"modified":"2026-02-12T09:44:37","modified_gmt":"2026-02-12T08:44:37","slug":"cookies","status":"publish","type":"page","link":"https:\/\/totalforsvarsmassan.se\/en\/cookies\/","title":{"rendered":"Cookies"},"content":{"rendered":"<p>[et_pb_section fb_built=&#8221;1&#8243; custom_padding_last_edited=&#8221;on|phone&#8221; admin_label=&#8221;Hero&#8221; _builder_version=&#8221;4.27.4&#8243; _module_preset=&#8221;dcffbe7c-d829-4b92-9e28-730b66b1c6df&#8221; background_image=&#8221;https:\/\/totalforsvarsmassan.se\/wp-content\/uploads\/2026\/01\/cookies_1920x1080.webp&#8221; background_enable_video_mp4=&#8221;off&#8221; custom_margin_tablet=&#8221;&#8221; custom_margin_phone=&#8221;&#8221; custom_margin_last_edited=&#8221;on|phone&#8221; custom_padding_tablet=&#8221;&#8221; custom_padding_phone=&#8221;&#8221; hover_enabled=&#8221;0&#8243; global_colors_info=&#8221;{}&#8221; alt=&#8221;En person i milit\u00e4runiform arbetar vid en laptop med en v\u00e4rldskarta och datastr\u00f6mmar p\u00e5 sk\u00e4rmen i en skogsmilj\u00f6.&#8221; title_text=&#8221;cookies_1920x1080&#8243; background_color_gradient_stops=&#8221;rgba(0,0,0,0) 65%|#000000 100%&#8221; sticky_enabled=&#8221;0&#8243;][et_pb_row _builder_version=&#8221;4.27.4&#8243; _module_preset=&#8221;b47dc7b0-0c21-48f4-9be5-365125495c37&#8243; custom_margin_tablet=&#8221;&#8221; custom_margin_phone=&#8221;&#8221; custom_margin_last_edited=&#8221;on|phone&#8221; global_colors_info=&#8221;%91%93&#8243;][et_pb_column type=&#8221;4_4&#8243; _builder_version=&#8221;4.24.0&#8243; _module_preset=&#8221;default&#8221; custom_padding=&#8221;10%||40px||false|false&#8221; custom_padding_tablet=&#8221;0%|5%|30px|5%|false|true&#8221; custom_padding_phone=&#8221;||26px||false|true&#8221; custom_padding_last_edited=&#8221;on|phone&#8221; global_colors_info=&#8221;{}&#8221;][et_pb_cta title=&#8221;About cookies&#8221; _builder_version=&#8221;4.27.4&#8243; _module_preset=&#8221;0d7ddc9b-5fad-41ce-bbc3-1fa8c8b01c36&#8243; global_colors_info=&#8221;{}&#8221;][\/et_pb_cta][\/et_pb_column][\/et_pb_row][\/et_pb_section][et_pb_section fb_built=&#8221;1&#8243; admin_label=&#8221;Text 50\/50&#8243; _builder_version=&#8221;4.27.4&#8243; _module_preset=&#8221;34b06a86-dc81-4983-919e-0fd7f286eb1b&#8221; global_colors_info=&#8221;{}&#8221;][et_pb_row _builder_version=&#8221;4.27.4&#8243; _module_preset=&#8221;_initial&#8221; max_width=&#8221;980px&#8221; global_colors_info=&#8221;{}&#8221;][et_pb_column type=&#8221;4_4&#8243; _builder_version=&#8221;4.27.4&#8243; _module_preset=&#8221;default&#8221; global_colors_info=&#8221;{}&#8221;][et_pb_code _builder_version=&#8221;4.27.4&#8243; _module_preset=&#8221;default&#8221; global_colors_info=&#8221;{}&#8221;]<script\n\t\ttype=\"text\/javascript\"\n\t\tid=\"CookieDeclaration\"\n\t\tsrc=\"https:\/\/consent.cookiebot.com\/85687340-6f58-4640-997d-383fabb26951\/cd.js\"\n\t\t\tdata-culture=\"EN\"\n\t\tasync><\/script>\n[\/et_pb_code][\/et_pb_column][\/et_pb_row][\/et_pb_section]<\/p>\n","protected":false},"excerpt":{"rendered":"<script\n\t\ttype=\"text\/javascript\"\n\t\tid=\"CookieDeclaration\"\n\t\tsrc=\"https:\/\/consent.cookiebot.com\/85687340-6f58-4640-997d-383fabb26951\/cd.js\"\n\t\t\tdata-culture=\"EN\"\n\t\tasync><\/script>\n\n","protected":false},"author":1,"featured_media":3327341,"parent":0,"menu_order":0,"comment_status":"closed","ping_status":"closed","template":"","meta":{"_et_pb_use_builder":"on","_et_pb_old_content":"","_et_gb_content_width":"","footnotes":""},"class_list":["post-3327123","page","type-page","status-publish","has-post-thumbnail","hentry"],"_links":{"self":[{"href":"https:\/\/totalforsvarsmassan.se\/en\/wp-json\/wp\/v2\/pages\/3327123","targetHints":{"allow":["GET"]}}],"collection":[{"href":"https:\/\/totalforsvarsmassan.se\/en\/wp-json\/wp\/v2\/pages"}],"about":[{"href":"https:\/\/totalforsvarsmassan.se\/en\/wp-json\/wp\/v2\/types\/page"}],"author":[{"embeddable":true,"href":"https:\/\/totalforsvarsmassan.se\/en\/wp-json\/wp\/v2\/users\/1"}],"replies":[{"embeddable":true,"href":"https:\/\/totalforsvarsmassan.se\/en\/wp-json\/wp\/v2\/comments?post=3327123"}],"version-history":[{"count":4,"href":"https:\/\/totalforsvarsmassan.se\/en\/wp-json\/wp\/v2\/pages\/3327123\/revisions"}],"predecessor-version":[{"id":3335372,"href":"https:\/\/totalforsvarsmassan.se\/en\/wp-json\/wp\/v2\/pages\/3327123\/revisions\/3335372"}],"wp:featuredmedia":[{"embeddable":true,"href":"https:\/\/totalforsvarsmassan.se\/en\/wp-json\/wp\/v2\/media\/3327341"}],"wp:attachment":[{"href":"https:\/\/totalforsvarsmassan.se\/en\/wp-json\/wp\/v2\/media?parent=3327123"}],"curies":[{"name":"wp","href":"https:\/\/api.w.org\/{rel}","templated":true}]}}