{"id":3335980,"date":"2026-03-24T13:37:32","date_gmt":"2026-03-24T12:37:32","guid":{"rendered":"https:\/\/totalforsvarsmassan.se\/for-exhibitors\/marketing-for-exhibitors\/the-triangle\/"},"modified":"2026-03-25T14:36:37","modified_gmt":"2026-03-25T13:36:37","slug":"the-triangle","status":"publish","type":"page","link":"https:\/\/totalforsvarsmassan.se\/en\/for-exhibitors\/marketing-for-exhibitors\/the-triangle\/","title":{"rendered":"The Triangle"},"content":{"rendered":"<p>[et_pb_section fb_built=&#8221;1&#8243; _builder_version=&#8221;4.27.5&#8243; _module_preset=&#8221;default&#8221; background_color=&#8221;#E3E3E3&#8243; custom_padding=&#8221;100px||100px||false|false&#8221; locked=&#8221;off&#8221; custom_days_label_text=&#8221;Days&#8221; custom_hours_label_text=&#8221;Hours&#8221; custom_minutes_label_text=&#8221;Minutes&#8221; custom_seconds_label_text=&#8221;Seconds&#8221;][et_pb_row _builder_version=&#8221;4.27.4&#8243; _module_preset=&#8221;default&#8221; locked=&#8221;off&#8221; global_colors_info=&#8221;{}&#8221; custom_days_label_text=&#8221;Days&#8221; custom_hours_label_text=&#8221;Hours&#8221; custom_minutes_label_text=&#8221;Minutes&#8221; custom_seconds_label_text=&#8221;Seconds&#8221;][et_pb_column type=&#8221;4_4&#8243; _builder_version=&#8221;4.23.4&#8243; _module_preset=&#8221;default&#8221; global_colors_info=&#8221;{}&#8221; custom_days_label_text=&#8221;Days&#8221; custom_hours_label_text=&#8221;Hours&#8221; custom_minutes_label_text=&#8221;Minutes&#8221; custom_seconds_label_text=&#8221;Seconds&#8221;][et_pb_text _builder_version=&#8221;4.27.5&#8243; _module_preset=&#8221;d2de1bb5-7871-475a-a7ce-cf892236863b&#8221; global_colors_info=&#8221;{}&#8221; custom_days_label_text=&#8221;Days&#8221; custom_hours_label_text=&#8221;Hours&#8221; custom_minutes_label_text=&#8221;Minutes&#8221; custom_seconds_label_text=&#8221;Seconds&#8221;]<\/p>\n<h1>The Triangle<\/h1>\n<p>[\/et_pb_text][et_pb_divider _builder_version=&#8221;4.27.4&#8243; _module_preset=&#8221;default&#8221; global_colors_info=&#8221;{}&#8221; custom_days_label_text=&#8221;Days&#8221; custom_hours_label_text=&#8221;Hours&#8221; custom_minutes_label_text=&#8221;Minutes&#8221; custom_seconds_label_text=&#8221;Seconds&#8221;][\/et_pb_divider][et_pb_text _builder_version=&#8221;4.27.5&#8243; _module_preset=&#8221;default&#8221; global_colors_info=&#8221;{}&#8221; custom_days_label_text=&#8221;Days&#8221; custom_hours_label_text=&#8221;Hours&#8221; custom_minutes_label_text=&#8221;Minutes&#8221; custom_seconds_label_text=&#8221;Seconds&#8221;]<\/p>\n<p>With exposure on three sides, the Triangle is strategically located at the intersection of Huddingev\u00e4gen, \u00c5byv\u00e4gen and Parkeringsv\u00e4gen, where approximately 75,000 vehicles pass every day.<\/p>\n<p>[\/et_pb_text][\/et_pb_column][\/et_pb_row][et_pb_row column_structure=&#8221;1_2,1_2&#8243; _builder_version=&#8221;4.27.5&#8243; _module_preset=&#8221;default&#8221; custom_padding=&#8221;||50px||false|false&#8221; global_colors_info=&#8221;{}&#8221; custom_days_label_text=&#8221;Days&#8221; custom_hours_label_text=&#8221;Hours&#8221; custom_minutes_label_text=&#8221;Minutes&#8221; custom_seconds_label_text=&#8221;Seconds&#8221;][et_pb_column type=&#8221;1_2&#8243; _builder_version=&#8221;4.27.5&#8243; _module_preset=&#8221;default&#8221; global_colors_info=&#8221;{}&#8221; custom_days_label_text=&#8221;Days&#8221; custom_hours_label_text=&#8221;Hours&#8221; custom_minutes_label_text=&#8221;Minutes&#8221; custom_seconds_label_text=&#8221;Seconds&#8221;][et_pb_gallery gallery_ids=&#8221;3335985,3335986&#8243; fullwidth=&#8221;on&#8221; _builder_version=&#8221;4.27.5&#8243; _module_preset=&#8221;default&#8221; hover_enabled=&#8221;0&#8243; global_colors_info=&#8221;{}&#8221; custom_days_label_text=&#8221;Days&#8221; custom_hours_label_text=&#8221;Hours&#8221; custom_minutes_label_text=&#8221;Minutes&#8221; custom_seconds_label_text=&#8221;Seconds&#8221; sticky_enabled=&#8221;0&#8243;][\/et_pb_gallery][\/et_pb_column][et_pb_column type=&#8221;1_2&#8243; _builder_version=&#8221;4.27.5&#8243; _module_preset=&#8221;default&#8221; global_colors_info=&#8221;{}&#8221; custom_days_label_text=&#8221;Days&#8221; custom_hours_label_text=&#8221;Hours&#8221; custom_minutes_label_text=&#8221;Minutes&#8221; custom_seconds_label_text=&#8221;Seconds&#8221;][et_pb_text _builder_version=&#8221;4.27.5&#8243; _module_preset=&#8221;default&#8221; global_colors_info=&#8221;{}&#8221; custom_days_label_text=&#8221;Days&#8221; custom_hours_label_text=&#8221;Hours&#8221; custom_minutes_label_text=&#8221;Minutes&#8221; custom_seconds_label_text=&#8221;Seconds&#8221;]<\/p>\n<h2>Included in the package<\/h2>\n<p><strong>Billboard \u201dTriangeln\u201d<\/strong><\/p>\n<p>10% SoV\/week,<br \/>125 000 exposures<br \/>Price: SEK 10,000<\/p>\n<p>25% SoV per week,<br \/>300,000 impressions<br \/>Price: SEK 24,000<\/p>\n<p>50% SoV per week,<br \/>600,000 impressions<br \/>Price: SEK 48,000<\/p>\n<p>Book &#8220;The Triangle&#8221; today by contacting our sales team.<\/p>\n<p>[\/et_pb_text][et_pb_button button_url=&#8221;mailto:sales.skydd@stockholmsmassan.se&#8221; url_new_window=&#8221;on&#8221; button_text=&#8221;Contact our sales team&#8221; _builder_version=&#8221;4.27.5&#8243; _module_preset=&#8221;default&#8221; custom_days_label_text=&#8221;Days&#8221; custom_hours_label_text=&#8221;Hours&#8221; custom_minutes_label_text=&#8221;Minutes&#8221; custom_seconds_label_text=&#8221;Seconds&#8221;][\/et_pb_button][\/et_pb_column][\/et_pb_row][et_pb_row column_structure=&#8221;1_3,1_3,1_3&#8243; _builder_version=&#8221;4.27.5&#8243; _module_preset=&#8221;default&#8221; background_color=&#8221;rgba(82,96,117,0.2)&#8221; custom_padding=&#8221;50px||50px|20px|false|false&#8221; global_colors_info=&#8221;{}&#8221; custom_days_label_text=&#8221;Days&#8221; custom_hours_label_text=&#8221;Hours&#8221; custom_minutes_label_text=&#8221;Minutes&#8221; custom_seconds_label_text=&#8221;Seconds&#8221;][et_pb_column type=&#8221;1_3&#8243; _builder_version=&#8221;4.27.5&#8243; _module_preset=&#8221;default&#8221; global_colors_info=&#8221;{}&#8221; custom_days_label_text=&#8221;Days&#8221; custom_hours_label_text=&#8221;Hours&#8221; custom_minutes_label_text=&#8221;Minutes&#8221; custom_seconds_label_text=&#8221;Seconds&#8221;][et_pb_blurb title=&#8221;Technical specifications&#8221; _builder_version=&#8221;4.27.5&#8243; _module_preset=&#8221;default&#8221; header_level=&#8221;h3&#8243; global_colors_info=&#8221;{}&#8221; custom_days_label_text=&#8221;Days&#8221; custom_hours_label_text=&#8221;Hours&#8221; custom_minutes_label_text=&#8221;Minutes&#8221; custom_seconds_label_text=&#8221;Seconds&#8221;]<\/p>\n<ul>\n<li>Three sides, one creative<\/li>\n<li>Resolution: 426&#215;215 pxl<\/li>\n<li>Dimensions: 7936 mm wide 4480 mm high<\/li>\n<\/ul>\n<p>[\/et_pb_blurb][\/et_pb_column][et_pb_column type=&#8221;1_3&#8243; _builder_version=&#8221;4.27.5&#8243; _module_preset=&#8221;default&#8221; global_colors_info=&#8221;{}&#8221; custom_days_label_text=&#8221;Days&#8221; custom_hours_label_text=&#8221;Hours&#8221; custom_minutes_label_text=&#8221;Minutes&#8221; custom_seconds_label_text=&#8221;Seconds&#8221;][et_pb_blurb title=&#8221;Material Submission &#038; File Specifications&#8221; _builder_version=&#8221;4.27.5&#8243; _module_preset=&#8221;default&#8221; header_level=&#8221;h3&#8243; global_colors_info=&#8221;{}&#8221; custom_days_label_text=&#8221;Days&#8221; custom_hours_label_text=&#8221;Hours&#8221; custom_minutes_label_text=&#8221;Minutes&#8221; custom_seconds_label_text=&#8221;Seconds&#8221;]<\/p>\n<p><strong>Material submission<\/strong><\/p>\n<ul>\n<li>The material is due 14 days before the campaign starts. Please send it to:<a href=\"mailto:inhouse@stockholmsmassan.se\"> inhouse@stockholmsmassan.se<\/a><\/li>\n<li>Label the files with the fair, screen placement and resolution<\/li>\n<\/ul>\n<p><strong>File formats<\/strong><\/p>\n<ul>\n<li>jpg, png or mp4 (5-10 sec. 25 frames\/sec., no sound)<\/li>\n<\/ul>\n<p>[\/et_pb_blurb][\/et_pb_column][et_pb_column type=&#8221;1_3&#8243; _builder_version=&#8221;4.27.5&#8243; _module_preset=&#8221;default&#8221; global_colors_info=&#8221;{}&#8221; custom_days_label_text=&#8221;Days&#8221; custom_hours_label_text=&#8221;Hours&#8221; custom_minutes_label_text=&#8221;Minutes&#8221; custom_seconds_label_text=&#8221;Seconds&#8221;][et_pb_blurb title=&#8221;Important information&#8221; _builder_version=&#8221;4.27.5&#8243; _module_preset=&#8221;default&#8221; header_level=&#8221;h3&#8243; global_colors_info=&#8221;{}&#8221; custom_days_label_text=&#8221;Days&#8221; custom_hours_label_text=&#8221;Hours&#8221; custom_minutes_label_text=&#8221;Minutes&#8221; custom_seconds_label_text=&#8221;Seconds&#8221;]<\/p>\n<p>Please note that due to traffic safety it is not possible to show moving material on the Triangle sign.<\/p>\n<p>[\/et_pb_blurb][\/et_pb_column][\/et_pb_row][\/et_pb_section][et_pb_section fb_built=&#8221;1&#8243; admin_label=&#8221;Puffar 50\/50&#8243; _builder_version=&#8221;4.27.5&#8243; _module_preset=&#8221;default&#8221; background_color=&#8221;#FFFFFF&#8221; locked=&#8221;off&#8221; global_colors_info=&#8221;{}&#8221; custom_days_label_text=&#8221;Days&#8221; custom_hours_label_text=&#8221;Hours&#8221; custom_minutes_label_text=&#8221;Minutes&#8221; custom_seconds_label_text=&#8221;Seconds&#8221;][et_pb_row column_structure=&#8221;1_3,1_3,1_3&#8243; custom_padding_last_edited=&#8221;on|phone&#8221; admin_label=&#8221;Row&#8221; _builder_version=&#8221;4.27.5&#8243; _module_preset=&#8221;f9b766ed-ceef-4cd8-958d-5caeab6123e6&#8243; custom_padding_tablet=&#8221;&#8221; custom_padding_phone=&#8221;0px||||false|false&#8221; locked=&#8221;off&#8221; global_colors_info=&#8221;{}&#8221; custom_days_label_text=&#8221;Days&#8221; custom_hours_label_text=&#8221;Hours&#8221; custom_minutes_label_text=&#8221;Minutes&#8221; custom_seconds_label_text=&#8221;Seconds&#8221;][et_pb_column type=&#8221;1_3&#8243; _builder_version=&#8221;4.27.5&#8243; _module_preset=&#8221;default&#8221; link_option_url=&#8221;https:\/\/exhibitors.stockholmsmassan.se\/?site=skydd&#038;sc_lang=en&#8221; link_option_url_new_window=&#8221;on&#8221; global_colors_info=&#8221;{}&#8221; custom_days_label_text=&#8221;Days&#8221; custom_hours_label_text=&#8221;Hours&#8221; custom_minutes_label_text=&#8221;Minutes&#8221; custom_seconds_label_text=&#8221;Seconds&#8221;][et_pb_image src=&#8221;https:\/\/totalforsvarsmassan.se\/wp-content\/uploads\/2026\/01\/For-bokade-utstallare_DSC08610_1080x540.webp&#8221; alt=&#8221;Visitors gather at a stand where a camera system and a security solution are being demonstrated at National Defence Expo.&#8221; title_text=&#8221;F\u00f6r-bokade-utst\u00e4llare_DSC08610_1080x540&#8243; force_fullwidth=&#8221;on&#8221; module_class=&#8221;puff-image&#8221; _builder_version=&#8221;4.27.4&#8243; _module_preset=&#8221;default&#8221; locked=&#8221;off&#8221; global_colors_info=&#8221;{}&#8221; custom_days_label_text=&#8221;Days&#8221; custom_hours_label_text=&#8221;Hours&#8221; custom_minutes_label_text=&#8221;Minutes&#8221; custom_seconds_label_text=&#8221;Seconds&#8221;][\/et_pb_image][et_pb_cta title=&#8221;Already booked \u2013 or interested in exhibiting?&#8221; button_url=&#8221;https:\/\/exhibitors.stockholmsmassan.se\/?site=skydd&#038;sc_lang=en&#8221; url_new_window=&#8221;on&#8221; button_text=&#8221;Go to Exhibitor Portal&#8221; _builder_version=&#8221;4.27.5&#8243; _module_preset=&#8221;e522eb66-87c3-4648-89dc-84da811024a7&#8243; hover_enabled=&#8221;0&#8243; locked=&#8221;off&#8221; global_colors_info=&#8221;{%22gcid-7sauvy59-7n93-kzpb-hk6v-sop20l6og0pe%22:%91%22button_border_color%22,%22button_bg_color%22%93,%22gcid-qd02mvnl-rjfk-uaoz-e20p-192u5ftnybzm%22:%91%22button_text_color__hover%22,%22button_icon_color__hover%22,%22button_icon_color%22,%22header_text_color%22,%22button_text_color%22%93,%22gcid-157f576f-415f-4d64-bdc7-c64d33ccfd79%22:%91%22button_bg_color__hover%22,%22button_border_color__hover%22%93,%22gcid-zqmeyyr1-ozjs-tdol-t9th-kdmdqxufunhr%22:%91%22button_bg_color%22,%22button_border_color%22,%22button_bg_color%22,%22button_border_color%22,%22button_bg_color%22,%22button_border_color%22,%22button_bg_color%22,%22button_border_color%22,%22button_border_color%22%93,%22gcid-8ctl9olw-qzl0-39sh-h9m4-2r68cuzkve1q%22:%91%22button_bg_color%22,%22button_bg_color%22,%22button_bg_color%22,%22button_bg_color%22%93,%22gcid-xe7ua1bg-8o1q-uq3m-f8ql-qk12tgltkuk4%22:%91%22button_bg_color__hover%22%93,%22gcid-b1vezamf-03sf-crky-v342-jj7uc24ewnda%22:%91%22button_text_color%22%93,%22gcid-m0fraqv3-qztm-9290-df11-7p07yu2mtcg6%22:%91%22button_text_color__hover%22%93}&#8221; custom_days_label_text=&#8221;Days&#8221; custom_hours_label_text=&#8221;Hours&#8221; custom_minutes_label_text=&#8221;Minutes&#8221; custom_seconds_label_text=&#8221;Seconds&#8221; sticky_enabled=&#8221;0&#8243;]<\/p>\n<p>Here you will find the tools to increase your visibility, reach the right audience and generate business during the exhibition. By making full use of the available resources, you can strengthen your presence, build more relationships and make your participation even more successful.<\/p>\n<p>[\/et_pb_cta][\/et_pb_column][et_pb_column type=&#8221;1_3&#8243; _builder_version=&#8221;4.27.5&#8243; _dynamic_attributes=&#8221;link_option_url&#8221; _module_preset=&#8221;default&#8221; link_option_url=&#8221;@ET-DC@eyJkeW5hbWljIjp0cnVlLCJjb250ZW50IjoicG9zdF9saW5rX3VybF9wYWdlIiwic2V0dGluZ3MiOnsicG9zdF9pZCI6IjMzMTI1NDAiLCJlbmFibGVfaHRtbCI6Im9mZiJ9fQ==@&#8221; global_colors_info=&#8221;{}&#8221; custom_days_label_text=&#8221;Days&#8221; custom_hours_label_text=&#8221;Hours&#8221; custom_minutes_label_text=&#8221;Minutes&#8221; custom_seconds_label_text=&#8221;Seconds&#8221;][et_pb_image src=&#8221;https:\/\/totalforsvarsmassan.se\/wp-content\/uploads\/2026\/01\/Kontakta-oss_iStock-938430346_1080x540.webp&#8221; alt=&#8221;Person wearing a headset working at a computer, providing customer service or support.&#8221; title_text=&#8221;Kontakta oss_iStock-938430346_1080x540&#8243; force_fullwidth=&#8221;on&#8221; module_class=&#8221;puff-image&#8221; _builder_version=&#8221;4.27.4&#8243; _module_preset=&#8221;default&#8221; locked=&#8221;off&#8221; global_colors_info=&#8221;{}&#8221; custom_days_label_text=&#8221;Days&#8221; custom_hours_label_text=&#8221;Hours&#8221; custom_minutes_label_text=&#8221;Minutes&#8221; custom_seconds_label_text=&#8221;Seconds&#8221;][\/et_pb_image][et_pb_cta title=&#8221;Contact us&#8221; button_url=&#8221;@ET-DC@eyJkeW5hbWljIjp0cnVlLCJjb250ZW50IjoicG9zdF9saW5rX3VybF9wYWdlIiwic2V0dGluZ3MiOnsicG9zdF9pZCI6IjMzMTI1NDAiLCJlbmFibGVfaHRtbCI6Im9mZiJ9fQ==@&#8221; url_new_window=&#8221;on&#8221; button_text=&#8221;Contact us&#8221; _builder_version=&#8221;4.27.4&#8243; _dynamic_attributes=&#8221;button_url&#8221; _module_preset=&#8221;e522eb66-87c3-4648-89dc-84da811024a7&#8243; locked=&#8221;off&#8221; global_colors_info=&#8221;{%22gcid-7sauvy59-7n93-kzpb-hk6v-sop20l6og0pe%22:%91%22button_bg_color__hover%22,%22button_border_color__hover%22%93,%22gcid-qd02mvnl-rjfk-uaoz-e20p-192u5ftnybzm%22:%91%22header_text_color%22,%22button_text_color__hover%22%93,%22gcid-xe7ua1bg-8o1q-uq3m-f8ql-qk12tgltkuk4%22:%91%22button_bg_color__hover%22%93}&#8221; custom_days_label_text=&#8221;Days&#8221; custom_hours_label_text=&#8221;Hours&#8221; custom_minutes_label_text=&#8221;Minutes&#8221; custom_seconds_label_text=&#8221;Seconds&#8221;]<\/p>\n<p>Do you have questions about exhibiting at National Defence Expo or would you like to discuss business opportunities? Our project and sales team will support you with stand solutions, partnership opportunities and guidance on how to maximise your presence. Get in touch and we will be pleased to assist you.  <\/p>\n<p>[\/et_pb_cta][\/et_pb_column][et_pb_column type=&#8221;1_3&#8243; _builder_version=&#8221;4.27.5&#8243; _module_preset=&#8221;default&#8221; link_option_url=&#8221;https:\/\/skydd.net\/en&#8221; link_option_url_new_window=&#8221;on&#8221; global_colors_info=&#8221;{}&#8221; custom_days_label_text=&#8221;Days&#8221; custom_hours_label_text=&#8221;Hours&#8221; custom_minutes_label_text=&#8221;Minutes&#8221; custom_seconds_label_text=&#8221;Seconds&#8221;][et_pb_image src=&#8221;https:\/\/totalforsvarsmassan.se\/wp-content\/uploads\/2025\/11\/puff_skydd_1080x540.webp&#8221; alt=&#8221;About National Defence Expo: a dog handler allows a service dog to inspect a piece of luggage in a terminal.&#8221; title_text=&#8221;puff_protection_1080x540&#8243; force_fullwidth=&#8221;on&#8221; module_class=&#8221;puff-image&#8221; _builder_version=&#8221;4.27.4&#8243; _module_preset=&#8221;default&#8221; locked=&#8221;off&#8221; global_colors_info=&#8221;{}&#8221; custom_days_label_text=&#8221;Days&#8221; custom_hours_label_text=&#8221;Hours&#8221; custom_minutes_label_text=&#8221;Minutes&#8221; custom_seconds_label_text=&#8221;Seconds&#8221;][\/et_pb_image][et_pb_cta title=&#8221;The Nordic region\u2019s safest trade fairs under one roof&#8221; button_url=&#8221;https:\/\/skydd.net\/en&#8221; url_new_window=&#8221;on&#8221; button_text=&#8221;Go to SKYDD&#8221; _builder_version=&#8221;4.27.5&#8243; _module_preset=&#8221;e522eb66-87c3-4648-89dc-84da811024a7&#8243; hover_enabled=&#8221;0&#8243; locked=&#8221;off&#8221; global_colors_info=&#8221;{%22gcid-7sauvy59-7n93-kzpb-hk6v-sop20l6og0pe%22:%91%22button_bg_color__hover%22,%22button_border_color__hover%22%93,%22gcid-qd02mvnl-rjfk-uaoz-e20p-192u5ftnybzm%22:%91%22header_text_color%22,%22button_text_color__hover%22%93,%22gcid-xe7ua1bg-8o1q-uq3m-f8ql-qk12tgltkuk4%22:%91%22button_bg_color__hover%22%93}&#8221; custom_days_label_text=&#8221;Days&#8221; custom_hours_label_text=&#8221;Hours&#8221; custom_minutes_label_text=&#8221;Minutes&#8221; custom_seconds_label_text=&#8221;Seconds&#8221; sticky_enabled=&#8221;0&#8243;]<\/p>\n<p>SKYDD, the Nordic region\u2019s largest trade fair for the security industry, is held in parallel with National Defence Expo. Here, you will meet suppliers, public authorities and experts presenting solutions in security technology, guarding and protective services, and societal security.<\/p>\n<p>[\/et_pb_cta][\/et_pb_column][\/et_pb_row][\/et_pb_section]<\/p>\n","protected":false},"excerpt":{"rendered":"<p>The TriangleWith exposure on three sides, the Triangle is strategically located at the intersection of Huddingev\u00e4gen, \u00c5byv\u00e4gen and Parkeringsv\u00e4gen, where approximately 75,000 vehicles pass every day.Included in the package Billboard [&hellip;]<\/p>\n","protected":false},"author":20,"featured_media":3335979,"parent":3327187,"menu_order":0,"comment_status":"closed","ping_status":"closed","template":"","meta":{"_et_pb_use_builder":"on","_et_pb_old_content":"","_et_gb_content_width":"","footnotes":""},"class_list":["post-3335980","page","type-page","status-publish","has-post-thumbnail","hentry"],"_links":{"self":[{"href":"https:\/\/totalforsvarsmassan.se\/en\/wp-json\/wp\/v2\/pages\/3335980","targetHints":{"allow":["GET"]}}],"collection":[{"href":"https:\/\/totalforsvarsmassan.se\/en\/wp-json\/wp\/v2\/pages"}],"about":[{"href":"https:\/\/totalforsvarsmassan.se\/en\/wp-json\/wp\/v2\/types\/page"}],"author":[{"embeddable":true,"href":"https:\/\/totalforsvarsmassan.se\/en\/wp-json\/wp\/v2\/users\/20"}],"replies":[{"embeddable":true,"href":"https:\/\/totalforsvarsmassan.se\/en\/wp-json\/wp\/v2\/comments?post=3335980"}],"version-history":[{"count":4,"href":"https:\/\/totalforsvarsmassan.se\/en\/wp-json\/wp\/v2\/pages\/3335980\/revisions"}],"predecessor-version":[{"id":3335987,"href":"https:\/\/totalforsvarsmassan.se\/en\/wp-json\/wp\/v2\/pages\/3335980\/revisions\/3335987"}],"up":[{"embeddable":true,"href":"https:\/\/totalforsvarsmassan.se\/en\/wp-json\/wp\/v2\/pages\/3327187"}],"wp:featuredmedia":[{"embeddable":true,"href":"https:\/\/totalforsvarsmassan.se\/en\/wp-json\/wp\/v2\/media\/3335979"}],"wp:attachment":[{"href":"https:\/\/totalforsvarsmassan.se\/en\/wp-json\/wp\/v2\/media?parent=3335980"}],"curies":[{"name":"wp","href":"https:\/\/api.w.org\/{rel}","templated":true}]}}